{"id":1000,"date":"2024-10-26T17:42:13","date_gmt":"2024-10-26T17:42:13","guid":{"rendered":"https:\/\/lepelicansportif.ro\/?page_id=1000"},"modified":"2024-12-11T15:01:03","modified_gmt":"2024-12-11T15:01:03","slug":"abonamente-si-preturi","status":"publish","type":"page","link":"https:\/\/lepelicansportif.ro\/en\/abonamente-si-preturi\/","title":{"rendered":"Subscriptions &amp; prices"},"content":{"rendered":"<div data-elementor-type=\"wp-post\" data-elementor-id=\"1000\" class=\"elementor elementor-1000\">\n\t\t\t\t<div class=\"elementor-element elementor-element-7062afd e-con-full e-flex e-con e-parent\" data-id=\"7062afd\" data-element_type=\"container\" data-settings=\"{&quot;background_background&quot;:&quot;classic&quot;,&quot;jet_parallax_layout_list&quot;:[]}\">\n\t\t<div class=\"elementor-element elementor-element-c698a41 e-con-full e-flex e-con e-child\" data-id=\"c698a41\" data-element_type=\"container\" data-settings=\"{&quot;jet_parallax_layout_list&quot;:[]}\">\n\t\t\t\t<div class=\"elementor-element elementor-element-004d864 elementor-widget__width-initial elementor-widget-mobile__width-initial elementor-widget elementor-widget-heading\" data-id=\"004d864\" data-element_type=\"widget\" data-widget_type=\"heading.default\">\n\t\t\t\t<div class=\"elementor-widget-container\">\n\t\t\t<h1 class=\"elementor-heading-title elementor-size-default\">Subscriptions\n&amp; prices<\/h1>\t\t<\/div>\n\t\t\t\t<\/div>\n\t\t\t\t<div class=\"elementor-element elementor-element-9aa5ca2 elementor-widget__width-initial elementor-widget-mobile__width-initial elementor-hidden-desktop elementor-hidden-tablet elementor-hidden-mobile elementor-widget elementor-widget-text-editor\" data-id=\"9aa5ca2\" data-element_type=\"widget\" data-widget_type=\"text-editor.default\">\n\t\t\t\t<div class=\"elementor-widget-container\">\n\t\t\t\t\t\t\t<p>Lorem ipsum dolor sit amet, consectetur adipiscing elit.<\/p>\t\t\t\t\t\t<\/div>\n\t\t\t\t<\/div>\n\t\t\t\t<\/div>\n\t\t\t\t<\/div>\n\t\t\t\t<section class=\"elementor-section elementor-top-section elementor-element elementor-element-82aac57 elementor-section-stretched elementor-section-full_width elementor-section-height-min-height elementor-section-items-stretch elementor-section-content-middle elementor-hidden-desktop elementor-hidden-tablet elementor-hidden-mobile elementor-section-height-default\" data-id=\"82aac57\" data-element_type=\"section\" data-settings=\"{&quot;stretch_section&quot;:&quot;section-stretched&quot;,&quot;jet_parallax_layout_list&quot;:[{&quot;jet_parallax_layout_image&quot;:{&quot;url&quot;:&quot;&quot;,&quot;id&quot;:&quot;&quot;,&quot;size&quot;:&quot;&quot;},&quot;_id&quot;:&quot;9d5fd3c&quot;,&quot;jet_parallax_layout_speed&quot;:{&quot;unit&quot;:&quot;%&quot;,&quot;size&quot;:&quot;50&quot;,&quot;sizes&quot;:[]},&quot;jet_parallax_layout_bg_x&quot;:&quot;50&quot;,&quot;jet_parallax_layout_bg_y&quot;:&quot;50&quot;,&quot;jet_parallax_layout_image_tablet&quot;:{&quot;url&quot;:&quot;&quot;,&quot;id&quot;:&quot;&quot;,&quot;size&quot;:&quot;&quot;},&quot;jet_parallax_layout_image_mobile&quot;:{&quot;url&quot;:&quot;&quot;,&quot;id&quot;:&quot;&quot;,&quot;size&quot;:&quot;&quot;},&quot;jet_parallax_layout_type&quot;:&quot;scroll&quot;,&quot;jet_parallax_layout_direction&quot;:null,&quot;jet_parallax_layout_fx_direction&quot;:null,&quot;jet_parallax_layout_z_index&quot;:&quot;&quot;,&quot;jet_parallax_layout_bg_x_tablet&quot;:&quot;&quot;,&quot;jet_parallax_layout_bg_x_mobile&quot;:&quot;&quot;,&quot;jet_parallax_layout_bg_y_tablet&quot;:&quot;&quot;,&quot;jet_parallax_layout_bg_y_mobile&quot;:&quot;&quot;,&quot;jet_parallax_layout_bg_size&quot;:&quot;auto&quot;,&quot;jet_parallax_layout_bg_size_tablet&quot;:&quot;&quot;,&quot;jet_parallax_layout_bg_size_mobile&quot;:&quot;&quot;,&quot;jet_parallax_layout_animation_prop&quot;:&quot;transform&quot;,&quot;jet_parallax_layout_on&quot;:[&quot;desktop&quot;,&quot;tablet&quot;]}]}\">\n\t\t\t\t\t\t<div class=\"elementor-container elementor-column-gap-no\">\n\t\t\t\t\t<div class=\"elementor-column elementor-col-50 elementor-top-column elementor-element elementor-element-6dde72e\" data-id=\"6dde72e\" data-element_type=\"column\" data-settings=\"{&quot;background_background&quot;:&quot;classic&quot;}\">\n\t\t\t<div class=\"elementor-widget-wrap elementor-element-populated\">\n\t\t\t\t\t\t<div class=\"elementor-element elementor-element-97d0386 elementor-widget__width-initial elementor-widget-mobile__width-inherit elementor-widget elementor-widget-jet-pricing-table\" data-id=\"97d0386\" data-element_type=\"widget\" data-widget_type=\"jet-pricing-table.default\">\n\t\t\t\t<div class=\"elementor-widget-container\">\n\t\t\t<div class=\"elementor-jet-pricing-table jet-elements\"><div class=\"pricing-table\">\n\t<div class=\"pricing-table__heading\">\n\t\t<h2 class=\"pricing-table__title\">ABONAMENT<\/h2>\t<h1 class=\"pricing-table__subtitle\">FITNESS<\/h1><\/div>\t<div class=\"pricing-table__price\"><span class=\"pricing-table__price-prefix\">RON<\/span><span class=\"pricing-table__price-val\">320<\/span><span class=\"pricing-table__price-suffix\">\/LUN\u0102<\/span><\/div>\t<div class=\"pricing-table__features\">\n\t<div class=\"pricing-table__fold-mask pricing-table-unfold-state\"><div class=\"pricing-feature pricing-feature-a015660 item-included\">\n\t<div class=\"pricing-feature__inner\"><span class=\"item-bullet jet-elements-icon\"><svg aria-hidden=\"true\" class=\"e-font-icon-svg e-fas-check\" viewbox=\"0 0 512 512\" xmlns=\"http:\/\/www.w3.org\/2000\/svg\"><path d=\"M173.898 439.404l-166.4-166.4c-9.997-9.997-9.997-26.206 0-36.204l36.203-36.204c9.997-9.998 26.207-9.998 36.204 0L192 312.69 432.095 72.596c9.997-9.997 26.207-9.997 36.204 0l36.203 36.204c9.997 9.997 9.997 26.206 0 36.204l-294.4 294.401c-9.998 9.997-26.207 9.997-36.204-.001z\"><\/path><\/svg><\/span><span class=\"pricing-feature__text\">Ai acces \u00een 1 club<\/span><\/div>\n<\/div><div class=\"pricing-feature pricing-feature-abc1615 item-included\">\n\t<div class=\"pricing-feature__inner\"><span class=\"item-bullet jet-elements-icon\"><svg aria-hidden=\"true\" class=\"e-font-icon-svg e-fas-check\" viewbox=\"0 0 512 512\" xmlns=\"http:\/\/www.w3.org\/2000\/svg\"><path d=\"M173.898 439.404l-166.4-166.4c-9.997-9.997-9.997-26.206 0-36.204l36.203-36.204c9.997-9.998 26.207-9.998 36.204 0L192 312.69 432.095 72.596c9.997-9.997 26.207-9.997 36.204 0l36.203 36.204c9.997 9.997 9.997 26.206 0 36.204l-294.4 294.401c-9.998 9.997-26.207 9.997-36.204-.001z\"><\/path><\/svg><\/span><span class=\"pricing-feature__text\">Durat\u0103 abonament: 1 lun\u0103<\/span><\/div>\n<\/div>\t<\/div>\n\t<\/div>\t<div class=\"pricing-table__action\">\n\t\t<a class=\"elementor-button elementor-size-md pricing-table-button button-auto-size\" href=\"https:\/\/lepelicansportif.upfit.live\/members\/buy-membership.php\" target=\"_blank\">SUBSCRIBE<\/a>\n\t<\/div>\t<\/div>\n<\/div>\t\t<\/div>\n\t\t\t\t<\/div>\n\t\t\t\t\t<\/div>\n\t\t<\/div>\n\t\t\t\t<div class=\"elementor-column elementor-col-50 elementor-top-column elementor-element elementor-element-c191b79 elementor-hidden-desktop elementor-hidden-tablet elementor-hidden-mobile\" data-id=\"c191b79\" data-element_type=\"column\" data-settings=\"{&quot;background_background&quot;:&quot;classic&quot;}\">\n\t\t\t<div class=\"elementor-widget-wrap elementor-element-populated\">\n\t\t\t\t\t\t<div class=\"elementor-element elementor-element-1579197 elementor-widget__width-initial elementor-widget-mobile__width-inherit elementor-widget-tablet__width-initial elementor-widget elementor-widget-jet-pricing-table\" data-id=\"1579197\" data-element_type=\"widget\" data-widget_type=\"jet-pricing-table.default\">\n\t\t\t\t<div class=\"elementor-widget-container\">\n\t\t\t<div class=\"elementor-jet-pricing-table jet-elements\"><div class=\"pricing-table\">\n\t<div class=\"pricing-table__heading\">\n\t\t<h2 class=\"pricing-table__title\">ABONAMENT<\/h2>\t<h1 class=\"pricing-table__subtitle\">FITNESS NELIMITAT<\/h1><\/div>\t<div class=\"pricing-table__price\"><span class=\"pricing-table__price-prefix\">RON<\/span><span class=\"pricing-table__price-val\">220<\/span><span class=\"pricing-table__price-suffix\">\/LUN\u0102<\/span><\/div>\t<div class=\"pricing-table__features\">\n\t<div class=\"pricing-table__fold-mask pricing-table-unfold-state\"><div class=\"pricing-feature pricing-feature-a015660 item-included\">\n\t<div class=\"pricing-feature__inner\"><span class=\"item-bullet jet-elements-icon\"><svg aria-hidden=\"true\" class=\"e-font-icon-svg e-fas-check\" viewbox=\"0 0 512 512\" xmlns=\"http:\/\/www.w3.org\/2000\/svg\"><path d=\"M173.898 439.404l-166.4-166.4c-9.997-9.997-9.997-26.206 0-36.204l36.203-36.204c9.997-9.998 26.207-9.998 36.204 0L192 312.69 432.095 72.596c9.997-9.997 26.207-9.997 36.204 0l36.203 36.204c9.997 9.997 9.997 26.206 0 36.204l-294.4 294.401c-9.998 9.997-26.207 9.997-36.204-.001z\"><\/path><\/svg><\/span><span class=\"pricing-feature__text\">access la sala de fitness 08:00-16:00<\/span><\/div>\n<\/div><div class=\"pricing-feature pricing-feature-385221b item-included\">\n\t<div class=\"pricing-feature__inner\"><span class=\"item-bullet jet-elements-icon\"><svg aria-hidden=\"true\" class=\"e-font-icon-svg e-fas-check\" viewbox=\"0 0 512 512\" xmlns=\"http:\/\/www.w3.org\/2000\/svg\"><path d=\"M173.898 439.404l-166.4-166.4c-9.997-9.997-9.997-26.206 0-36.204l36.203-36.204c9.997-9.998 26.207-9.998 36.204 0L192 312.69 432.095 72.596c9.997-9.997 26.207-9.997 36.204 0l36.203 36.204c9.997 9.997 9.997 26.206 0 36.204l-294.4 294.401c-9.998 9.997-26.207 9.997-36.204-.001z\"><\/path><\/svg><\/span><span class=\"pricing-feature__text\">access la sala de fitness 08:00-16:00<\/span><\/div>\n<\/div><div class=\"pricing-feature pricing-feature-d4b195f item-included\">\n\t<div class=\"pricing-feature__inner\"><span class=\"item-bullet jet-elements-icon\"><svg aria-hidden=\"true\" class=\"e-font-icon-svg e-fas-check\" viewbox=\"0 0 512 512\" xmlns=\"http:\/\/www.w3.org\/2000\/svg\"><path d=\"M173.898 439.404l-166.4-166.4c-9.997-9.997-9.997-26.206 0-36.204l36.203-36.204c9.997-9.998 26.207-9.998 36.204 0L192 312.69 432.095 72.596c9.997-9.997 26.207-9.997 36.204 0l36.203 36.204c9.997 9.997 9.997 26.206 0 36.204l-294.4 294.401c-9.998 9.997-26.207 9.997-36.204-.001z\"><\/path><\/svg><\/span><span class=\"pricing-feature__text\">1h darts<\/span><\/div>\n<\/div><div class=\"pricing-feature pricing-feature-d732b9b item-included\">\n\t<div class=\"pricing-feature__inner\"><span class=\"item-bullet jet-elements-icon\"><svg aria-hidden=\"true\" class=\"e-font-icon-svg e-fas-check\" viewbox=\"0 0 512 512\" xmlns=\"http:\/\/www.w3.org\/2000\/svg\"><path d=\"M173.898 439.404l-166.4-166.4c-9.997-9.997-9.997-26.206 0-36.204l36.203-36.204c9.997-9.998 26.207-9.998 36.204 0L192 312.69 432.095 72.596c9.997-9.997 26.207-9.997 36.204 0l36.203 36.204c9.997 9.997 9.997 26.206 0 36.204l-294.4 294.401c-9.998 9.997-26.207 9.997-36.204-.001z\"><\/path><\/svg><\/span><span class=\"pricing-feature__text\">1h darts<\/span><\/div>\n<\/div><div class=\"pricing-feature pricing-feature-39a2bc6 item-included\">\n\t<div class=\"pricing-feature__inner\"><span class=\"item-bullet jet-elements-icon\"><svg aria-hidden=\"true\" class=\"e-font-icon-svg e-fas-check\" viewbox=\"0 0 512 512\" xmlns=\"http:\/\/www.w3.org\/2000\/svg\"><path d=\"M173.898 439.404l-166.4-166.4c-9.997-9.997-9.997-26.206 0-36.204l36.203-36.204c9.997-9.998 26.207-9.998 36.204 0L192 312.69 432.095 72.596c9.997-9.997 26.207-9.997 36.204 0l36.203 36.204c9.997 9.997 9.997 26.206 0 36.204l-294.4 294.401c-9.998 9.997-26.207 9.997-36.204-.001z\"><\/path><\/svg><\/span><span class=\"pricing-feature__text\">1h biliard<\/span><\/div>\n<\/div><div class=\"pricing-feature pricing-feature-504b266 item-included\">\n\t<div class=\"pricing-feature__inner\"><span class=\"item-bullet jet-elements-icon\"><svg aria-hidden=\"true\" class=\"e-font-icon-svg e-fas-check\" viewbox=\"0 0 512 512\" xmlns=\"http:\/\/www.w3.org\/2000\/svg\"><path d=\"M173.898 439.404l-166.4-166.4c-9.997-9.997-9.997-26.206 0-36.204l36.203-36.204c9.997-9.998 26.207-9.998 36.204 0L192 312.69 432.095 72.596c9.997-9.997 26.207-9.997 36.204 0l36.203 36.204c9.997 9.997 9.997 26.206 0 36.204l-294.4 294.401c-9.998 9.997-26.207 9.997-36.204-.001z\"><\/path><\/svg><\/span><span class=\"pricing-feature__text\">1h biliard<\/span><\/div>\n<\/div>\t<\/div>\n\t<\/div>\t<div class=\"pricing-table__action\">\n\t\t<a class=\"elementor-button elementor-size-md pricing-table-button button-auto-size\" href=\"https:\/\/lepelicansportif.ro\/en\/contact\/\">Contact us<\/a>\n\t<\/div>\t<\/div>\n<\/div>\t\t<\/div>\n\t\t\t\t<\/div>\n\t\t\t\t\t<\/div>\n\t\t<\/div>\n\t\t\t\t\t<\/div>\n\t\t<\/section>\n\t\t\t\t<section class=\"elementor-section elementor-top-section elementor-element elementor-element-2b72a95 elementor-section-stretched elementor-section-full_width elementor-section-content-middle elementor-section-height-default elementor-section-height-default\" data-id=\"2b72a95\" data-element_type=\"section\" data-settings=\"{&quot;stretch_section&quot;:&quot;section-stretched&quot;,&quot;jet_parallax_layout_list&quot;:[{&quot;jet_parallax_layout_image&quot;:{&quot;url&quot;:&quot;&quot;,&quot;id&quot;:&quot;&quot;,&quot;size&quot;:&quot;&quot;},&quot;_id&quot;:&quot;9d5fd3c&quot;,&quot;jet_parallax_layout_speed&quot;:{&quot;unit&quot;:&quot;%&quot;,&quot;size&quot;:&quot;50&quot;,&quot;sizes&quot;:[]},&quot;jet_parallax_layout_bg_x&quot;:&quot;50&quot;,&quot;jet_parallax_layout_bg_y&quot;:&quot;50&quot;,&quot;jet_parallax_layout_image_tablet&quot;:{&quot;url&quot;:&quot;&quot;,&quot;id&quot;:&quot;&quot;,&quot;size&quot;:&quot;&quot;},&quot;jet_parallax_layout_image_mobile&quot;:{&quot;url&quot;:&quot;&quot;,&quot;id&quot;:&quot;&quot;,&quot;size&quot;:&quot;&quot;},&quot;jet_parallax_layout_type&quot;:&quot;scroll&quot;,&quot;jet_parallax_layout_direction&quot;:null,&quot;jet_parallax_layout_fx_direction&quot;:null,&quot;jet_parallax_layout_z_index&quot;:&quot;&quot;,&quot;jet_parallax_layout_bg_x_tablet&quot;:&quot;&quot;,&quot;jet_parallax_layout_bg_x_mobile&quot;:&quot;&quot;,&quot;jet_parallax_layout_bg_y_tablet&quot;:&quot;&quot;,&quot;jet_parallax_layout_bg_y_mobile&quot;:&quot;&quot;,&quot;jet_parallax_layout_bg_size&quot;:&quot;auto&quot;,&quot;jet_parallax_layout_bg_size_tablet&quot;:&quot;&quot;,&quot;jet_parallax_layout_bg_size_mobile&quot;:&quot;&quot;,&quot;jet_parallax_layout_animation_prop&quot;:&quot;transform&quot;,&quot;jet_parallax_layout_on&quot;:[&quot;desktop&quot;,&quot;tablet&quot;]}]}\">\n\t\t\t\t\t\t<div class=\"elementor-container elementor-column-gap-no\">\n\t\t\t\t\t<div class=\"elementor-column elementor-col-100 elementor-top-column elementor-element elementor-element-7699912\" data-id=\"7699912\" data-element_type=\"column\" data-settings=\"{&quot;background_background&quot;:&quot;classic&quot;}\">\n\t\t\t<div class=\"elementor-widget-wrap elementor-element-populated\">\n\t\t\t\t\t\t<div class=\"elementor-element elementor-element-d113307 elementor-widget__width-initial elementor-widget-tablet__width-initial elementor-widget-mobile__width-initial elementor-widget elementor-widget-html\" data-id=\"d113307\" data-element_type=\"widget\" data-widget_type=\"html.default\">\n\t\t\t\t<div class=\"elementor-widget-container\">\n\t\t\t<style>iframe { width: 1px; min-width: 100%; }<\/style>\n<script src=\"https:\/\/lepelicansportif.upfit.live\/assets\/js\/iframeResizer.min.js\"><\/script>\n<iframe src=\"https:\/\/lepelicansportif.upfit.live\/membership-prices.php?template=1&lang=ro&clubid=1001\" width=\"100%\" scrolling=\"no\" frameborder=\"0\"><\/iframe>\n<script>window.onload=iFrameResize<\/script>\n\t\t<\/div>\n\t\t\t\t<\/div>\n\t\t\t\t\t<\/div>\n\t\t<\/div>\n\t\t\t\t\t<\/div>\n\t\t<\/section>\n\t\t\t\t<\/div>","protected":false},"excerpt":{"rendered":"<p>Abonamente &amp; pre\u021buri Lorem ipsum dolor sit amet, consectetur adipiscing elit. ABONAMENT FITNESS RON320\/LUN\u0102 Ai acces \u00een 1 club Durat\u0103 abonament: 1 lun\u0103 Aboneaz\u0103-te ABONAMENT FITNESS NELIMITAT RON220\/LUN\u0102 access la sala de fitness 08:00-16:00 access la sala de fitness 08:00-16:00 1h darts 1h darts 1h biliard 1h biliard Contacteaz\u0103-ne<\/p>","protected":false},"author":1,"featured_media":0,"parent":0,"menu_order":0,"comment_status":"closed","ping_status":"closed","template":"elementor_header_footer","meta":{"_acf_changed":false,"footnotes":""},"class_list":["post-1000","page","type-page","status-publish","hentry"],"acf":[],"_links":{"self":[{"href":"https:\/\/lepelicansportif.ro\/en\/wp-json\/wp\/v2\/pages\/1000","targetHints":{"allow":["GET"]}}],"collection":[{"href":"https:\/\/lepelicansportif.ro\/en\/wp-json\/wp\/v2\/pages"}],"about":[{"href":"https:\/\/lepelicansportif.ro\/en\/wp-json\/wp\/v2\/types\/page"}],"author":[{"embeddable":true,"href":"https:\/\/lepelicansportif.ro\/en\/wp-json\/wp\/v2\/users\/1"}],"replies":[{"embeddable":true,"href":"https:\/\/lepelicansportif.ro\/en\/wp-json\/wp\/v2\/comments?post=1000"}],"version-history":[{"count":154,"href":"https:\/\/lepelicansportif.ro\/en\/wp-json\/wp\/v2\/pages\/1000\/revisions"}],"predecessor-version":[{"id":1702,"href":"https:\/\/lepelicansportif.ro\/en\/wp-json\/wp\/v2\/pages\/1000\/revisions\/1702"}],"wp:attachment":[{"href":"https:\/\/lepelicansportif.ro\/en\/wp-json\/wp\/v2\/media?parent=1000"}],"curies":[{"name":"wp","href":"https:\/\/api.w.org\/{rel}","templated":true}]}}